{"id":509,"date":"2020-09-24T14:44:05","date_gmt":"2020-09-24T17:44:05","guid":{"rendered":"https:\/\/hikeandfly.com.br\/?page_id=509"},"modified":"2020-09-24T14:44:45","modified_gmt":"2020-09-24T17:44:45","slug":"locais","status":"publish","type":"page","link":"https:\/\/hikeandfly.com.br\/?page_id=509","title":{"rendered":"Locais"},"content":{"rendered":"<div id=\"pl-509\"  class=\"panel-layout\" ><div id=\"pg-509-0\"  class=\"panel-grid panel-no-style\" ><div id=\"pgc-509-0-0\"  class=\"panel-grid-cell panel-grid-cell-empty\" ><\/div><\/div><div id=\"pg-509-1\"  class=\"panel-grid panel-no-style\" ><div id=\"pgc-509-1-0\"  class=\"panel-grid-cell\" ><div id=\"panel-509-1-0-0\" class=\"so-panel widget widget_categories panel-first-child panel-last-child\" data-index=\"0\" ><h3 class=\"widget-title\">Filtrar por local:<\/h3><form action=\"https:\/\/hikeandfly.com.br\" method=\"get\"><label class=\"screen-reader-text\" for=\"cat\">Filtrar por local:<\/label><select  name='cat' id='cat' class='postform'>\n\t<option value='-1'>Selecionar categoria<\/option>\n\t<option class=\"level-0\" value=\"138\">Artigos e Not\u00edcias<\/option>\n\t<option class=\"level-0\" value=\"330\">GO<\/option>\n\t<option class=\"level-0\" value=\"405\">Internacional<\/option>\n\t<option class=\"level-0\" value=\"137\">Locais e Rampas<\/option>\n\t<option class=\"level-0\" value=\"320\">Locations<\/option>\n\t<option class=\"level-0\" value=\"322\">MG<\/option>\n\t<option class=\"level-0\" value=\"318\">News and Articles<\/option>\n\t<option class=\"level-0\" value=\"328\">PR<\/option>\n\t<option class=\"level-0\" value=\"324\">RJ<\/option>\n\t<option class=\"level-0\" value=\"403\">SC<\/option>\n\t<option class=\"level-0\" value=\"1\">Sem categoria<\/option>\n\t<option class=\"level-0\" value=\"323\">SP<\/option>\n<\/select>\n<\/form><script type=\"text\/javascript\">\n\/* <![CDATA[ *\/\n\n(function() {\n\tvar dropdown = document.getElementById( \"cat\" );\n\tfunction onCatChange() {\n\t\tif ( dropdown.options[ dropdown.selectedIndex ].value > 0 ) {\n\t\t\tdropdown.parentNode.submit();\n\t\t}\n\t}\n\tdropdown.onchange = onCatChange;\n})();\n\n\/* ]]> *\/\n<\/script>\n<\/div><\/div><div id=\"pgc-509-1-1\"  class=\"panel-grid-cell\" ><div id=\"panel-509-1-1-0\" class=\"so-panel widget widget_search panel-first-child panel-last-child\" data-index=\"1\" ><h3 class=\"widget-title\">Filtrar por palavra-chave:<\/h3><form method=\"get\" class=\"search-form\" action=\"https:\/\/hikeandfly.com.br\/\">\n\t<input type=\"search\" name=\"s\" aria-label=\"Search for\" placeholder=\"Search\" value=\"\" \/>\n\t<button type=\"submit\" aria-label=\"Search\">\n\t\t\t<\/button>\n<\/form>\n<\/div><\/div><\/div><div id=\"pg-509-2\"  class=\"panel-grid panel-no-style\" ><div id=\"pgc-509-2-0\"  class=\"panel-grid-cell\" ><div id=\"panel-509-2-0-0\" class=\"so-panel widget widget_siteorigin-panels-postloop panel-first-child panel-last-child\" data-index=\"2\" >\n\n\t<div class=\"blog-layout-grid\">\n\t\t\n<article id=\"post-969\" class=\"archive-entry post-969 post type-post status-publish format-standard hentry category-internacional category-rampas\">\n\n\t\n\t<header class=\"entry-header\">\n\t\t\t\t\t<div class=\"entry-meta\">\n\t\t\t\t\n\t\t\n\t\t\n\t\t\n\t\t\n\t\t\t\t<\/div><!-- .entry-meta -->\n\t\t\n\t\t<h2 class=\"entry-title\"><a href=\"https:\/\/hikeandfly.com.br\/?p=969\" rel=\"bookmark\">Hike and Fly e Bivouac na Serra da Careta<\/a><\/h2>\t<\/header><!-- .entry-header -->\n\n\t<div class=\"entry-content\">\n\t\t<p>O Hike and Fly Bivouac &eacute; uma das pr&aacute;ticas que vem ganhando cada vez mais espa&ccedil;o no Brasil. Na Europa e em outros pa&iacute;ses em que o montanhismo &eacute; mais forte, essa pr&aacute;tica j&aacute; &eacute;...<\/p>\t<\/div><!-- .entry-content -->\n\n<\/article>\n\n<article id=\"post-965\" class=\"archive-entry post-965 post type-post status-publish format-standard has-post-thumbnail hentry category-artigos-e-noticias category-internacional\">\n\n\t\t\t<div class=\"entry-thumbnail\">\n\t\t\t\t\t\t\t<a href=\"https:\/\/hikeandfly.com.br\/?p=965\">\n\t\t\t\t\t<img loading=\"lazy\" decoding=\"async\" width=\"126\" height=\"179\" src=\"https:\/\/hikeandfly.com.br\/wp-content\/uploads\/2024\/10\/revista-1.jpg\" class=\"aligncenter wp-post-image\" alt=\"Lan\u00e7amento da Revista Hike and Fly\" \/>\t\t\t\t<\/a>\n\t\t\t\n\t\t\t\t\t<\/div>\n\t\n\t<header class=\"entry-header\">\n\t\t\t\t\t<div class=\"entry-meta\">\n\t\t\t\t\n\t\t\n\t\t\n\t\t\n\t\t\n\t\t\t\t<\/div><!-- .entry-meta -->\n\t\t\n\t\t<h2 class=\"entry-title\"><a href=\"https:\/\/hikeandfly.com.br\/?p=965\" rel=\"bookmark\">Revista Hike and Fly<\/a><\/h2>\t<\/header><!-- .entry-header -->\n\n\t<div class=\"entry-content\">\n\t\t<p>A partir de agora as not&iacute;cias relacionadas ao Hike and Fly ficar&atilde;o tamb&eacute;m registradas na Revista Hike and Fly, um projeto pensado e desenvolvido por praticantes brasileiros da modalidade. O Hike and Fly est&aacute; em...<\/p>\t<\/div><!-- .entry-content -->\n\n<\/article>\n\n<article id=\"post-877\" class=\"archive-entry post-877 post type-post status-publish format-standard has-post-thumbnail hentry category-mg tag-ale-silva tag-governador-valadares tag-gv tag-hike-and-fly tag-paraglider tag-parapente tag-pico-do-ibituruna tag-trilha-pico-ibituruna tag-voo-livre\">\n\n\t\t\t<div class=\"entry-thumbnail\">\n\t\t\t\t\t\t\t<a href=\"https:\/\/hikeandfly.com.br\/?p=877\">\n\t\t\t\t\t<img loading=\"lazy\" decoding=\"async\" width=\"360\" height=\"238\" src=\"https:\/\/hikeandfly.com.br\/wp-content\/uploads\/2023\/02\/gv02-360x238.png\" class=\"aligncenter wp-post-image\" alt=\"\" srcset=\"https:\/\/hikeandfly.com.br\/wp-content\/uploads\/2023\/02\/gv02-360x238.png 360w, https:\/\/hikeandfly.com.br\/wp-content\/uploads\/2023\/02\/gv02-263x174.png 263w\" sizes=\"(max-width: 360px) 100vw, 360px\" \/>\t\t\t\t<\/a>\n\t\t\t\n\t\t\t\t\t<\/div>\n\t\n\t<header class=\"entry-header\">\n\t\t\t\t\t<div class=\"entry-meta\">\n\t\t\t\t\n\t\t\n\t\t\n\t\t\n\t\t\n\t\t\t\t<\/div><!-- .entry-meta -->\n\t\t\n\t\t<h2 class=\"entry-title\"><a href=\"https:\/\/hikeandfly.com.br\/?p=877\" rel=\"bookmark\">Hike and Fly em Governador Valadares!<\/a><\/h2>\t<\/header><!-- .entry-header -->\n\n\t<div class=\"entry-content\">\n\t\t<p>Durante essa &uacute;ltima semana de carnaval, fui pela primeira vez conhecer e voar na famosa rampa no Pico da Ibituruna em Governador Valadares, pico cl&aacute;ssico de Cross que costuma receber voadores do mundo todo. Coincidentemente...<\/p>\t<\/div><!-- .entry-content -->\n\n<\/article>\n\n<article id=\"post-864\" class=\"archive-entry post-864 post type-post status-publish format-standard has-post-thumbnail hentry category-artigos-e-noticias category-internacional tag-ale-silva tag-caminhada-e-voo-chamonix tag-chamonix tag-climb-and-fly tag-escalando-e-voando tag-hike-and-fly-chamonix tag-hike-and-fly-na-franca tag-paraglider tag-voando-de-parapente-em-chamonix\">\n\n\t\t\t<div class=\"entry-thumbnail\">\n\t\t\t\t\t\t\t<a href=\"https:\/\/hikeandfly.com.br\/?p=864\">\n\t\t\t\t\t<img loading=\"lazy\" decoding=\"async\" width=\"317\" height=\"238\" src=\"https:\/\/hikeandfly.com.br\/wp-content\/uploads\/2022\/10\/Ale-Silva-Voando-com-montanhas-ao-fundo-scaled.jpg\" class=\"aligncenter wp-post-image\" alt=\"\" srcset=\"https:\/\/hikeandfly.com.br\/wp-content\/uploads\/2022\/10\/Ale-Silva-Voando-com-montanhas-ao-fundo-scaled.jpg 2560w, https:\/\/hikeandfly.com.br\/wp-content\/uploads\/2022\/10\/Ale-Silva-Voando-com-montanhas-ao-fundo-300x225.jpg 300w, https:\/\/hikeandfly.com.br\/wp-content\/uploads\/2022\/10\/Ale-Silva-Voando-com-montanhas-ao-fundo-1024x768.jpg 1024w, https:\/\/hikeandfly.com.br\/wp-content\/uploads\/2022\/10\/Ale-Silva-Voando-com-montanhas-ao-fundo-768x576.jpg 768w, https:\/\/hikeandfly.com.br\/wp-content\/uploads\/2022\/10\/Ale-Silva-Voando-com-montanhas-ao-fundo-1536x1152.jpg 1536w\" sizes=\"(max-width: 317px) 100vw, 317px\" \/>\t\t\t\t<\/a>\n\t\t\t\n\t\t\t\t\t<\/div>\n\t\n\t<header class=\"entry-header\">\n\t\t\t\t\t<div class=\"entry-meta\">\n\t\t\t\t\n\t\t\n\t\t\n\t\t\n\t\t\n\t\t\t\t<\/div><!-- .entry-meta -->\n\t\t\n\t\t<h2 class=\"entry-title\"><a href=\"https:\/\/hikeandfly.com.br\/?p=864\" rel=\"bookmark\">Climb and Fly em Chamonix Mont Blanc<\/a><\/h2>\t<\/header><!-- .entry-header -->\n\n\t<div class=\"entry-content\">\n\t\t<p>Escalando e voando em Chamonix (Mont Blanc) Montanhista h&aacute; 30 anos, ingressei no voo j&aacute; com a cabe&ccedil;a mirando o Hike and Fly. Sempre que estava no cume de alguma montanha me imaginava poder descer...<\/p>\t<\/div><!-- .entry-content -->\n\n<\/article>\n\n<article id=\"post-743\" class=\"archive-entry post-743 post type-post status-publish format-standard has-post-thumbnail hentry category-artigos-e-noticias category-sc tag-hike-and-fly tag-monte-negro tag-paraglider tag-parapente tag-serra-do-rio-do-rastro tag-serras-catarinenses tag-timbe-do-sul tag-travessia tag-vol-bivouac tag-voo-de-bivaque\">\n\n\t\t\t<div class=\"entry-thumbnail\">\n\t\t\t\t\t\t\t<a href=\"https:\/\/hikeandfly.com.br\/?p=743\">\n\t\t\t\t\t<img loading=\"lazy\" decoding=\"async\" width=\"360\" height=\"238\" src=\"https:\/\/hikeandfly.com.br\/wp-content\/uploads\/2022\/01\/Parapente-Serra-do-Rio-do-Rastro-33-360x238.jpeg\" class=\"aligncenter wp-post-image\" alt=\"\" srcset=\"https:\/\/hikeandfly.com.br\/wp-content\/uploads\/2022\/01\/Parapente-Serra-do-Rio-do-Rastro-33-360x238.jpeg 360w, https:\/\/hikeandfly.com.br\/wp-content\/uploads\/2022\/01\/Parapente-Serra-do-Rio-do-Rastro-33-263x174.jpeg 263w\" sizes=\"(max-width: 360px) 100vw, 360px\" \/>\t\t\t\t<\/a>\n\t\t\t\n\t\t\t<div class=\"thumbnail-meta\"><\/div>\t\t<\/div>\n\t\n\t<header class=\"entry-header\">\n\t\t\t\t\t<div class=\"entry-meta\">\n\t\t\t\t\n\t\t\n\t\t\n\t\t\n\t\t\n\t\t\t\t<\/div><!-- .entry-meta -->\n\t\t\n\t\t<h2 class=\"entry-title\"><a href=\"https:\/\/hikeandfly.com.br\/?p=743\" rel=\"bookmark\">Travessia da Serra Catarinense em vol-bivouac com voo na Serra do Rio do Rastro<\/a><\/h2>\t<\/header><!-- .entry-header -->\n\n\t<div class=\"entry-content\">\n\t\t<p>Explorando a Serra Catarinense para travessias de caminhada e voo livre de Parapente (Voo de bivaque). Come&ccedil;amos a travessia subindo a Serra da Rocinha e voando em Timb&eacute; do Sul. Terminamos 88km mais ao norte...<\/p>\t<\/div><!-- .entry-content -->\n\n<\/article>\n\n<article id=\"post-712\" class=\"archive-entry post-712 post type-post status-publish format-standard has-post-thumbnail hentry category-artigos-e-noticias category-rj tag-hike-and-fly tag-morro-do-couto tag-paraglider tag-parapente tag-parque-nacional-do-itatiaia tag-voo-de-montanha tag-voo-livre\">\n\n\t\t\t<div class=\"entry-thumbnail\">\n\t\t\t\t\t\t\t<a href=\"https:\/\/hikeandfly.com.br\/?p=712\">\n\t\t\t\t\t<img loading=\"lazy\" decoding=\"async\" width=\"360\" height=\"238\" src=\"https:\/\/hikeandfly.com.br\/wp-content\/uploads\/2021\/07\/Agulhas-Negras-360x238.png\" class=\"aligncenter wp-post-image\" alt=\"\" srcset=\"https:\/\/hikeandfly.com.br\/wp-content\/uploads\/2021\/07\/Agulhas-Negras-360x238.png 360w, https:\/\/hikeandfly.com.br\/wp-content\/uploads\/2021\/07\/Agulhas-Negras-263x174.png 263w\" sizes=\"(max-width: 360px) 100vw, 360px\" \/>\t\t\t\t<\/a>\n\t\t\t\n\t\t\t\t\t<\/div>\n\t\n\t<header class=\"entry-header\">\n\t\t\t\t\t<div class=\"entry-meta\">\n\t\t\t\t\n\t\t\n\t\t\n\t\t\n\t\t\n\t\t\t\t<\/div><!-- .entry-meta -->\n\t\t\n\t\t<h2 class=\"entry-title\"><a href=\"https:\/\/hikeandfly.com.br\/?p=712\" rel=\"bookmark\">Inaugura\u00e7\u00e3o da Rampa do Parque Nacional do Itatiaia<\/a><\/h2>\t<\/header><!-- .entry-header -->\n\n\t<div class=\"entry-content\">\n\t\t<p>Expedi&ccedil;&atilde;o &ldquo;Hike and Fly&rdquo; de voo livre inagura oficialmente a Rampa do Morro do Couto no Parque Nacional do Itatiaia Pilotos montanhistas decolaram de parapente da rampa pr&oacute;xima ao Morro do Couto no&nbsp;Parque Nacional do...<\/p>\t<\/div><!-- .entry-content -->\n\n<\/article>\n\n<article id=\"post-557\" class=\"archive-entry post-557 post type-post status-publish format-standard has-post-thumbnail hentry category-rampas category-sem-categoria category-sp tag-campos-do-jordao tag-hike-and-fly-pedra-do-bau tag-pedra-do-bau tag-sao-bento-do-sapucai\">\n\n\t\t\t<div class=\"entry-thumbnail\">\n\t\t\t\t\t\t\t<a href=\"https:\/\/hikeandfly.com.br\/?p=557\">\n\t\t\t\t\t<img loading=\"lazy\" decoding=\"async\" width=\"360\" height=\"238\" src=\"https:\/\/hikeandfly.com.br\/wp-content\/uploads\/2020\/09\/0U6A3363-e1601470053945-360x238.jpg\" class=\"aligncenter wp-post-image\" alt=\"\" srcset=\"https:\/\/hikeandfly.com.br\/wp-content\/uploads\/2020\/09\/0U6A3363-e1601470053945-360x238.jpg 360w, https:\/\/hikeandfly.com.br\/wp-content\/uploads\/2020\/09\/0U6A3363-e1601470053945-263x174.jpg 263w\" sizes=\"(max-width: 360px) 100vw, 360px\" \/>\t\t\t\t<\/a>\n\t\t\t\n\t\t\t\t\t<\/div>\n\t\n\t<header class=\"entry-header\">\n\t\t\t\t\t<div class=\"entry-meta\">\n\t\t\t\t\n\t\t\n\t\t\n\t\t\n\t\t\n\t\t\t\t<\/div><!-- .entry-meta -->\n\t\t\n\t\t<h2 class=\"entry-title\"><a href=\"https:\/\/hikeandfly.com.br\/?p=557\" rel=\"bookmark\">Rampa da Pedra do Ba\u00fa &#8211; S\u00e3o Bento do Sapuca\u00ed-SP<\/a><\/h2>\t<\/header><!-- .entry-header -->\n\n\t<div class=\"entry-content\">\n\t\t<p>A tradicional rampa da Pedra do Ba&uacute; proporciona um voo incr&iacute;vel na face norte do monumento natural que &eacute; meca de escaladores e trilheiros de todo o Brasil. Os acessos as trilhas e todo o...<\/p>\t<\/div><!-- .entry-content -->\n\n<\/article>\n\n<article id=\"post-22\" class=\"archive-entry post-22 post type-post status-publish format-standard has-post-thumbnail hentry category-rampas category-sp tag-sem-categoria\">\n\n\t\t\t<div class=\"entry-thumbnail\">\n\t\t\t\t\t\t\t<a href=\"https:\/\/hikeandfly.com.br\/?p=22\">\n\t\t\t\t\t<img loading=\"lazy\" decoding=\"async\" width=\"360\" height=\"238\" src=\"https:\/\/hikeandfly.com.br\/wp-content\/uploads\/2020\/07\/campos-ktr-e1600979099151-360x238.png\" class=\"aligncenter wp-post-image\" alt=\"\" srcset=\"https:\/\/hikeandfly.com.br\/wp-content\/uploads\/2020\/07\/campos-ktr-e1600979099151-360x238.png 360w, https:\/\/hikeandfly.com.br\/wp-content\/uploads\/2020\/07\/campos-ktr-e1600979099151-263x174.png 263w\" sizes=\"(max-width: 360px) 100vw, 360px\" \/>\t\t\t\t<\/a>\n\t\t\t\n\t\t\t\t\t<\/div>\n\t\n\t<header class=\"entry-header\">\n\t\t\t\t\t<div class=\"entry-meta\">\n\t\t\t\t\n\t\t\n\t\t\n\t\t\n\t\t\n\t\t\t\t<\/div><!-- .entry-meta -->\n\t\t\n\t\t<h2 class=\"entry-title\"><a href=\"https:\/\/hikeandfly.com.br\/?p=22\" rel=\"bookmark\">Deck da Corrida KTR &#8211; Campos do Jord\u00e3o-SP<\/a><\/h2>\t<\/header><!-- .entry-header -->\n\n\t<div class=\"entry-content\">\n\t\t<p>Decolagem ao lado do mirante do deck de madeira conhecido pela largada das coridas KTR, na &ldquo;beira&rdquo; da Serra da Mantiqueira pr&oacute;ximo a Campos do Jord&atilde;o. O acesso a trilha que sobe a serra se...<\/p>\t<\/div><!-- .entry-content -->\n\n<\/article>\n\n<article id=\"post-23\" class=\"archive-entry post-23 post type-post status-publish format-standard has-post-thumbnail hentry category-rampas category-mg tag-extrema tag-hike-and-fly tag-joanopolis tag-pedra-das-flores tag-pico-do-lopo\">\n\n\t\t\t<div class=\"entry-thumbnail\">\n\t\t\t\t\t\t\t<a href=\"https:\/\/hikeandfly.com.br\/?p=23\">\n\t\t\t\t\t<img loading=\"lazy\" decoding=\"async\" width=\"360\" height=\"238\" src=\"https:\/\/hikeandfly.com.br\/wp-content\/uploads\/2020\/07\/pedra-das-flores-2020-e1600978266531-360x238.jpg\" class=\"aligncenter wp-post-image\" alt=\"\" srcset=\"https:\/\/hikeandfly.com.br\/wp-content\/uploads\/2020\/07\/pedra-das-flores-2020-e1600978266531-360x238.jpg 360w, https:\/\/hikeandfly.com.br\/wp-content\/uploads\/2020\/07\/pedra-das-flores-2020-e1600978266531-263x174.jpg 263w\" sizes=\"(max-width: 360px) 100vw, 360px\" \/>\t\t\t\t<\/a>\n\t\t\t\n\t\t\t\t\t<\/div>\n\t\n\t<header class=\"entry-header\">\n\t\t\t\t\t<div class=\"entry-meta\">\n\t\t\t\t\n\t\t\n\t\t\n\t\t\n\t\t\n\t\t\t\t<\/div><!-- .entry-meta -->\n\t\t\n\t\t<h2 class=\"entry-title\"><a href=\"https:\/\/hikeandfly.com.br\/?p=23\" rel=\"bookmark\">Pedra das Flores \/ Pico do Lopo &#8211; Extrema-MG<\/a><\/h2>\t<\/header><!-- .entry-header -->\n\n\t<div class=\"entry-content\">\n\t\t<p>&nbsp; &nbsp; A Pedra das Flores fica na Serra do Lopo, acess&iacute;vel por Joan&oacute;polis-SP pelo lado sul ou Extrema-MG pelo lado norte. Este roteiro mostra a trilha completa pelo lado sul, subindo pela &ldquo;Estrada do...<\/p>\t<\/div><!-- .entry-content -->\n\n<\/article>\n\n<article id=\"post-34\" class=\"archive-entry post-34 post type-post status-publish format-standard has-post-thumbnail hentry category-artigos-e-noticias category-rampas tag-amazonia tag-beto-gol tag-caminhada-amazonia tag-hike-and-fly tag-montanha-mais-alta-do-brasil tag-myka tag-paraglider tag-parapente tag-pico-da-neblina tag-trekking-and-fly tag-voo-livre tag-yanomami tag-yaripo\">\n\n\t\t\t<div class=\"entry-thumbnail\">\n\t\t\t\t\t\t\t<a href=\"https:\/\/hikeandfly.com.br\/?p=34\">\n\t\t\t\t\t<img loading=\"lazy\" decoding=\"async\" width=\"360\" height=\"238\" src=\"https:\/\/hikeandfly.com.br\/wp-content\/uploads\/2019\/02\/Plato-2Be-2BPico-2Bda-2BNeblina1-e1601056990770-360x238.jpg\" class=\"aligncenter wp-post-image\" alt=\"\" srcset=\"https:\/\/hikeandfly.com.br\/wp-content\/uploads\/2019\/02\/Plato-2Be-2BPico-2Bda-2BNeblina1-e1601056990770-360x238.jpg 360w, https:\/\/hikeandfly.com.br\/wp-content\/uploads\/2019\/02\/Plato-2Be-2BPico-2Bda-2BNeblina1-e1601056990770-263x174.jpg 263w\" sizes=\"(max-width: 360px) 100vw, 360px\" \/>\t\t\t\t<\/a>\n\t\t\t\n\t\t\t\t\t<\/div>\n\t\n\t<header class=\"entry-header\">\n\t\t\t\t\t<div class=\"entry-meta\">\n\t\t\t\t\n\t\t\n\t\t\n\t\t\n\t\t\n\t\t\t\t<\/div><!-- .entry-meta -->\n\t\t\n\t\t<h2 class=\"entry-title\"><a href=\"https:\/\/hikeandfly.com.br\/?p=34\" rel=\"bookmark\">Pico da Neblina (Yaripo) &#8211; AM<\/a><\/h2>\t<\/header><!-- .entry-header -->\n\n\t<div class=\"entry-content\">\n\t\t<p>Nos bra&ccedil;os do vento Dois amigos montanhistas e pilotos de parapente realizam dois feitos in&eacute;ditos na montanha mais alta do Brasil. Pensar em uma aventura in&eacute;dita no s&eacute;culo 21 &eacute; um desafio. Quase tudo que...<\/p>\t<\/div><!-- .entry-content -->\n\n<\/article>\n\t<\/div>\n\t\t\t<nav class=\"navigation posts-navigation\">\n\t\t\t<h3 class=\"screen-reader-text\">Posts navigation<\/h3>\n\t\t\t<div class=\"nav-links\">\n\n\t\t\t\t\t\t\t\t<div class=\"nav-next\"><a href=\"https:\/\/hikeandfly.com.br\/index.php?rest_route=%2Fwp%2Fv2%2Fpages%2F509&#038;paged=2\" >Older posts<span>&rarr;<\/span><\/a><\/div>\n\t\t\t\t\n\t\t\t\t\n\t\t\t<\/div><!-- .nav-links -->\n\t\t<\/nav><!-- .navigation -->\n\t<\/div><\/div><\/div><\/div>","protected":false},"excerpt":{"rendered":"","protected":false},"author":2,"featured_media":0,"parent":0,"menu_order":0,"comment_status":"closed","ping_status":"closed","template":"","meta":{"footnotes":""},"_links":{"self":[{"href":"https:\/\/hikeandfly.com.br\/index.php?rest_route=\/wp\/v2\/pages\/509"}],"collection":[{"href":"https:\/\/hikeandfly.com.br\/index.php?rest_route=\/wp\/v2\/pages"}],"about":[{"href":"https:\/\/hikeandfly.com.br\/index.php?rest_route=\/wp\/v2\/types\/page"}],"author":[{"embeddable":true,"href":"https:\/\/hikeandfly.com.br\/index.php?rest_route=\/wp\/v2\/users\/2"}],"replies":[{"embeddable":true,"href":"https:\/\/hikeandfly.com.br\/index.php?rest_route=%2Fwp%2Fv2%2Fcomments&post=509"}],"version-history":[{"count":5,"href":"https:\/\/hikeandfly.com.br\/index.php?rest_route=\/wp\/v2\/pages\/509\/revisions"}],"predecessor-version":[{"id":515,"href":"https:\/\/hikeandfly.com.br\/index.php?rest_route=\/wp\/v2\/pages\/509\/revisions\/515"}],"wp:attachment":[{"href":"https:\/\/hikeandfly.com.br\/index.php?rest_route=%2Fwp%2Fv2%2Fmedia&parent=509"}],"curies":[{"name":"wp","href":"https:\/\/api.w.org\/{rel}","templated":true}]}}